{"id":6,"date":"2021-05-15T14:33:58","date_gmt":"2021-05-15T12:33:58","guid":{"rendered":"https:\/\/www.s-a-v.org\/bhv\/?page_id=6"},"modified":"2025-11-18T12:41:52","modified_gmt":"2025-11-18T11:41:52","slug":"accueil","status":"publish","type":"page","link":"https:\/\/www.s-a-v.org\/bhv\/","title":{"rendered":"Pr\u00e9sentation"},"content":{"rendered":"","protected":false},"excerpt":{"rendered":"","protected":false},"author":1,"featured_media":0,"parent":0,"menu_order":0,"comment_status":"closed","ping_status":"closed","template":"accueil.php","meta":{"_acf_changed":false,"inline_featured_image":false,"footnotes":""},"class_list":["post-6","page","type-page","status-publish","hentry"],"acf":[],"yoast_head":"<!-- This site is optimized with the Yoast SEO plugin v27.3 - https:\/\/yoast.com\/product\/yoast-seo-wordpress\/ -->\n<title>Pr\u00e9sentation - Biblioth\u00e8que Historique Vaudoise<\/title>\n<meta name=\"robots\" content=\"index, follow, max-snippet:-1, max-image-preview:large, max-video-preview:-1\" \/>\n<link rel=\"canonical\" href=\"https:\/\/www.s-a-v.org\/bhv\/\" \/>\n<meta property=\"og:locale\" content=\"fr_FR\" \/>\n<meta property=\"og:type\" content=\"article\" \/>\n<meta property=\"og:title\" content=\"Pr\u00e9sentation - Biblioth\u00e8que Historique Vaudoise\" \/>\n<meta property=\"og:url\" content=\"https:\/\/www.s-a-v.org\/bhv\/\" \/>\n<meta property=\"og:site_name\" content=\"Biblioth\u00e8que Historique Vaudoise\" \/>\n<meta property=\"article:modified_time\" content=\"2025-11-18T11:41:52+00:00\" \/>\n<meta name=\"twitter:card\" content=\"summary_large_image\" \/>\n<meta name=\"twitter:label1\" content=\"Dur\u00e9e de lecture est.\" \/>\n\t<meta name=\"twitter:data1\" content=\"2 minutes\" \/>\n<script type=\"application\/ld+json\" class=\"yoast-schema-graph\">{\"@context\":\"https:\\\/\\\/schema.org\",\"@graph\":[{\"@type\":\"WebPage\",\"@id\":\"https:\\\/\\\/www.s-a-v.org\\\/bhv\\\/\",\"url\":\"https:\\\/\\\/www.s-a-v.org\\\/bhv\\\/\",\"name\":\"Pr\u00e9sentation - Biblioth\u00e8que Historique Vaudoise\",\"isPartOf\":{\"@id\":\"https:\\\/\\\/www.s-a-v.org\\\/bhv\\\/#website\"},\"datePublished\":\"2021-05-15T12:33:58+00:00\",\"dateModified\":\"2025-11-18T11:41:52+00:00\",\"inLanguage\":\"fr-FR\",\"potentialAction\":[{\"@type\":\"ReadAction\",\"target\":[\"https:\\\/\\\/www.s-a-v.org\\\/bhv\\\/\"]}]},{\"@type\":\"WebSite\",\"@id\":\"https:\\\/\\\/www.s-a-v.org\\\/bhv\\\/#website\",\"url\":\"https:\\\/\\\/www.s-a-v.org\\\/bhv\\\/\",\"name\":\"Biblioth\u00e8que Historique Vaudoise\",\"description\":\"Un site utilisant Les sites de Soci\u00e9t\u00e9 Acad\u00e9mique Vaudoise\",\"potentialAction\":[{\"@type\":\"SearchAction\",\"target\":{\"@type\":\"EntryPoint\",\"urlTemplate\":\"https:\\\/\\\/www.s-a-v.org\\\/bhv\\\/?s={search_term_string}\"},\"query-input\":{\"@type\":\"PropertyValueSpecification\",\"valueRequired\":true,\"valueName\":\"search_term_string\"}}],\"inLanguage\":\"fr-FR\"}]}<\/script>\n<!-- \/ Yoast SEO plugin. -->","yoast_head_json":{"title":"Pr\u00e9sentation - Biblioth\u00e8que Historique Vaudoise","robots":{"index":"index","follow":"follow","max-snippet":"max-snippet:-1","max-image-preview":"max-image-preview:large","max-video-preview":"max-video-preview:-1"},"canonical":"https:\/\/www.s-a-v.org\/bhv\/","og_locale":"fr_FR","og_type":"article","og_title":"Pr\u00e9sentation - Biblioth\u00e8que Historique Vaudoise","og_url":"https:\/\/www.s-a-v.org\/bhv\/","og_site_name":"Biblioth\u00e8que Historique Vaudoise","article_modified_time":"2025-11-18T11:41:52+00:00","twitter_card":"summary_large_image","twitter_misc":{"Dur\u00e9e de lecture est.":"2 minutes"},"schema":{"@context":"https:\/\/schema.org","@graph":[{"@type":"WebPage","@id":"https:\/\/www.s-a-v.org\/bhv\/","url":"https:\/\/www.s-a-v.org\/bhv\/","name":"Pr\u00e9sentation - Biblioth\u00e8que Historique Vaudoise","isPartOf":{"@id":"https:\/\/www.s-a-v.org\/bhv\/#website"},"datePublished":"2021-05-15T12:33:58+00:00","dateModified":"2025-11-18T11:41:52+00:00","inLanguage":"fr-FR","potentialAction":[{"@type":"ReadAction","target":["https:\/\/www.s-a-v.org\/bhv\/"]}]},{"@type":"WebSite","@id":"https:\/\/www.s-a-v.org\/bhv\/#website","url":"https:\/\/www.s-a-v.org\/bhv\/","name":"Biblioth\u00e8que Historique Vaudoise","description":"Un site utilisant Les sites de Soci\u00e9t\u00e9 Acad\u00e9mique Vaudoise","potentialAction":[{"@type":"SearchAction","target":{"@type":"EntryPoint","urlTemplate":"https:\/\/www.s-a-v.org\/bhv\/?s={search_term_string}"},"query-input":{"@type":"PropertyValueSpecification","valueRequired":true,"valueName":"search_term_string"}}],"inLanguage":"fr-FR"}]}},"_links":{"self":[{"href":"https:\/\/www.s-a-v.org\/bhv\/wp-json\/wp\/v2\/pages\/6","targetHints":{"allow":["GET"]}}],"collection":[{"href":"https:\/\/www.s-a-v.org\/bhv\/wp-json\/wp\/v2\/pages"}],"about":[{"href":"https:\/\/www.s-a-v.org\/bhv\/wp-json\/wp\/v2\/types\/page"}],"author":[{"embeddable":true,"href":"https:\/\/www.s-a-v.org\/bhv\/wp-json\/wp\/v2\/users\/1"}],"replies":[{"embeddable":true,"href":"https:\/\/www.s-a-v.org\/bhv\/wp-json\/wp\/v2\/comments?post=6"}],"version-history":[{"count":20,"href":"https:\/\/www.s-a-v.org\/bhv\/wp-json\/wp\/v2\/pages\/6\/revisions"}],"predecessor-version":[{"id":1060,"href":"https:\/\/www.s-a-v.org\/bhv\/wp-json\/wp\/v2\/pages\/6\/revisions\/1060"}],"wp:attachment":[{"href":"https:\/\/www.s-a-v.org\/bhv\/wp-json\/wp\/v2\/media?parent=6"}],"curies":[{"name":"wp","href":"https:\/\/api.w.org\/{rel}","templated":true}]}}